{"id":4193,"date":"2025-05-15T15:14:23","date_gmt":"2025-05-15T20:14:23","guid":{"rendered":"https:\/\/reverie.com.co\/menu-del-restaurante\/"},"modified":"2026-03-12T11:02:44","modified_gmt":"2026-03-12T16:02:44","slug":"menu-del-restaurante","status":"publish","type":"page","link":"https:\/\/reverie.com.co\/es\/menu-del-restaurante\/","title":{"rendered":"Men\u00fa del restaurante"},"content":{"rendered":"\t\t<div data-elementor-type=\"wp-page\" data-elementor-id=\"4193\" class=\"elementor elementor-4193 elementor-2636\">\n\t\t\t\t\t\t<section class=\"elementor-section elementor-top-section elementor-element elementor-element-5c240056 elementor-section-boxed elementor-section-height-default elementor-section-height-default\" data-id=\"5c240056\" data-element_type=\"section\" data-e-type=\"section\">\n\t\t\t\t\t\t\t<div class=\"elementor-background-overlay\"><\/div>\n\t\t\t\t\t\t\t<div class=\"elementor-container elementor-column-gap-default\">\n\t\t\t\t\t<div class=\"elementor-column elementor-col-100 elementor-top-column elementor-element elementor-element-5dd417c8\" data-id=\"5dd417c8\" data-element_type=\"column\" data-e-type=\"column\">\n\t\t\t<div class=\"elementor-widget-wrap elementor-element-populated\">\n\t\t\t\t\t\t<section class=\"elementor-section elementor-inner-section elementor-element elementor-element-cf75f80 elementor-section-boxed elementor-section-height-default elementor-section-height-default\" data-id=\"cf75f80\" data-element_type=\"section\" data-e-type=\"section\">\n\t\t\t\t\t\t<div class=\"elementor-container elementor-column-gap-default\">\n\t\t\t\t\t<div class=\"elementor-column elementor-col-100 elementor-inner-column elementor-element elementor-element-d59a8dc\" data-id=\"d59a8dc\" data-element_type=\"column\" data-e-type=\"column\">\n\t\t\t<div class=\"elementor-widget-wrap elementor-element-populated\">\n\t\t\t\t\t\t<div class=\"elementor-element elementor-element-02bf9ab elementor-widget elementor-widget-text-editor\" data-id=\"02bf9ab\" data-element_type=\"widget\" data-e-type=\"widget\" data-widget_type=\"text-editor.default\">\n\t\t\t\t<div class=\"elementor-widget-container\">\n\t\t\t\t\t\t\t\t\t<h3 class=\"\" data-start=\"62\" data-end=\"91\"><strong data-start=\"66\" data-end=\"89\">Bienvenido al restaurante Reverie<\/strong><\/h3>\n<p>Una experiencia gastron\u00f3mica excepcional, a solo unos pasos de tu caba\u00f1a.<\/p>\t\t\t\t\t\t\t\t<\/div>\n\t\t\t\t<\/div>\n\t\t\t\t\t<\/div>\n\t\t<\/div>\n\t\t\t\t\t<\/div>\n\t\t<\/section>\n\t\t\t\t<div class=\"elementor-element elementor-element-6ba5713d elementor-widget elementor-widget-text-editor\" data-id=\"6ba5713d\" data-element_type=\"widget\" data-e-type=\"widget\" data-widget_type=\"text-editor.default\">\n\t\t\t\t<div class=\"elementor-widget-container\">\n\t\t\t\t\t\t\t\t\t\n<p data-start=\"62\" data-end=\"91\"> <\/p>\n<p data-start=\"62\" data-end=\"91\">En Reverie, creemos que los grandes momentos se disfrutan mejor con grandes sabores. Nuestro men\u00fa ofrece una selecci\u00f3n de platos cuidadosamente elaborados, bebidas refrescantes y sabores de inspiraci\u00f3n local, todo dise\u00f1ado para enriquecer tu estancia con nosotros. <\/p>\n<p class=\"\" data-start=\"322\" data-end=\"461\">Ya sea que busques un desayuno abundante, una bebida refrescante por la tarde o una cena deliciosa, nuestro men\u00fa tiene algo para todos.<\/p>\n\t\t\t\t\t\t\t\t<\/div>\n\t\t\t\t<\/div>\n\t\t\t\t<div class=\"elementor-element elementor-element-5f8d7c2 elementor-widget elementor-widget-text-editor\" data-id=\"5f8d7c2\" data-element_type=\"widget\" data-e-type=\"widget\" data-widget_type=\"text-editor.default\">\n\t\t\t\t<div class=\"elementor-widget-container\">\n\t\t\t\t\t\t\t\t\t<h3><a href=\"https:\/\/reverie.com.co\/wp-content\/uploads\/2026\/03\/Reverie_Restaurant_Menu_January_2026_Spanish.pdf\" target=\"_blank\" rel=\"noopener\">Descarga nuestro men\u00fa aqu\u00ed.<\/a><\/h3>\t\t\t\t\t\t\t\t<\/div>\n\t\t\t\t<\/div>\n\t\t\t\t<div class=\"elementor-element elementor-element-6b54124 elementor-widget elementor-widget-spacer\" data-id=\"6b54124\" data-element_type=\"widget\" data-e-type=\"widget\" data-widget_type=\"spacer.default\">\n\t\t\t\t<div class=\"elementor-widget-container\">\n\t\t\t\t\t\t\t<div class=\"elementor-spacer\">\n\t\t\t<div class=\"elementor-spacer-inner\"><\/div>\n\t\t<\/div>\n\t\t\t\t\t\t<\/div>\n\t\t\t\t<\/div>\n\t\t\t\t<div class=\"elementor-element elementor-element-08b13e0 elementor-widget elementor-widget-image-gallery\" data-id=\"08b13e0\" data-element_type=\"widget\" data-e-type=\"widget\" data-widget_type=\"image-gallery.default\">\n\t\t\t\t<div class=\"elementor-widget-container\">\n\t\t\t\t\t\t\t<div class=\"elementor-image-gallery\">\n\t\t\t<div class=\"gallery gallery-4193-1\"><div class=\"row gallery-row\"><div class=\"col-sm-4 col-lg-4\"><img fetchpriority=\"high\" decoding=\"async\" width=\"394\" height=\"512\" src=\"https:\/\/reverie.com.co\/wp-content\/uploads\/2025\/02\/DSC03111-394x512.jpg\" class=\"thumbnail img-thumbnail test\" alt=\"\" \/><\/div><div class=\"col-sm-4 col-lg-4\"><img decoding=\"async\" width=\"394\" height=\"512\" src=\"https:\/\/reverie.com.co\/wp-content\/uploads\/2025\/05\/WhatsApp-Image-2024-12-20-at-09.54.51-394x512.jpeg\" class=\"thumbnail img-thumbnail test\" alt=\"\" \/><\/div><div class=\"col-sm-4 col-lg-4\"><img decoding=\"async\" width=\"394\" height=\"512\" src=\"https:\/\/reverie.com.co\/wp-content\/uploads\/2025\/02\/WhatsApp-Image-2025-01-08-at-11.44.51-3-394x512.jpeg\" class=\"thumbnail img-thumbnail test\" alt=\"\" \/><\/div><\/div><div class=\"row gallery-row\"><div class=\"col-sm-4 col-lg-4\"><img loading=\"lazy\" decoding=\"async\" width=\"394\" height=\"512\" src=\"https:\/\/reverie.com.co\/wp-content\/uploads\/2025\/02\/DSC03712-394x512.jpg\" class=\"thumbnail img-thumbnail test\" alt=\"\" \/><\/div><div class=\"col-sm-4 col-lg-4\"><img loading=\"lazy\" decoding=\"async\" width=\"394\" height=\"512\" src=\"https:\/\/reverie.com.co\/wp-content\/uploads\/2025\/02\/DSC03070-1-394x512.jpg\" class=\"thumbnail img-thumbnail test\" alt=\"\" \/><\/div><div class=\"col-sm-4 col-lg-4\"><img loading=\"lazy\" decoding=\"async\" width=\"394\" height=\"512\" src=\"https:\/\/reverie.com.co\/wp-content\/uploads\/2025\/06\/DSC03817-394x512.jpg\" class=\"thumbnail img-thumbnail test\" alt=\"\" \/><\/div><\/div><\/div>\t\t<\/div>\n\t\t\t\t\t\t<\/div>\n\t\t\t\t<\/div>\n\t\t\t\t\t<\/div>\n\t\t<\/div>\n\t\t\t\t\t<\/div>\n\t\t<\/section>\n\t\t\t\t<section class=\"elementor-section elementor-top-section elementor-element elementor-element-e5ab176 elementor-section-boxed elementor-section-height-default elementor-section-height-default\" data-id=\"e5ab176\" data-element_type=\"section\" data-e-type=\"section\">\n\t\t\t\t\t\t<div class=\"elementor-container elementor-column-gap-default\">\n\t\t\t\t\t<div class=\"elementor-column elementor-col-100 elementor-top-column elementor-element elementor-element-d983f0c\" data-id=\"d983f0c\" data-element_type=\"column\" data-e-type=\"column\">\n\t\t\t<div class=\"elementor-widget-wrap elementor-element-populated\">\n\t\t\t\t\t\t<div class=\"elementor-element elementor-element-c5ac03d elementor-widget elementor-widget-spacer\" data-id=\"c5ac03d\" data-element_type=\"widget\" data-e-type=\"widget\" data-widget_type=\"spacer.default\">\n\t\t\t\t<div class=\"elementor-widget-container\">\n\t\t\t\t\t\t\t<div class=\"elementor-spacer\">\n\t\t\t<div class=\"elementor-spacer-inner\"><\/div>\n\t\t<\/div>\n\t\t\t\t\t\t<\/div>\n\t\t\t\t<\/div>\n\t\t\t\t<div class=\"elementor-element elementor-element-6ff01de elementor-widget elementor-widget-text-editor\" data-id=\"6ff01de\" data-element_type=\"widget\" data-e-type=\"widget\" data-widget_type=\"text-editor.default\">\n\t\t\t\t<div class=\"elementor-widget-container\">\n\t\t\t\t\t\t\t\t\t<p>Estaremos encantados de adaptarnos a alergias alimentarias y restricciones diet\u00e9ticas; solo av\u00edsanos con antelaci\u00f3n para que podamos preparar algo especial para ti.<\/p>\t\t\t\t\t\t\t\t<\/div>\n\t\t\t\t<\/div>\n\t\t\t\t<div class=\"elementor-element elementor-element-4d4085d elementor-widget elementor-widget-spacer\" data-id=\"4d4085d\" data-element_type=\"widget\" data-e-type=\"widget\" data-widget_type=\"spacer.default\">\n\t\t\t\t<div class=\"elementor-widget-container\">\n\t\t\t\t\t\t\t<div class=\"elementor-spacer\">\n\t\t\t<div class=\"elementor-spacer-inner\"><\/div>\n\t\t<\/div>\n\t\t\t\t\t\t<\/div>\n\t\t\t\t<\/div>\n\t\t\t\t\t<\/div>\n\t\t<\/div>\n\t\t\t\t\t<\/div>\n\t\t<\/section>\n\t\t\t\t<\/div>\n\t\t","protected":false},"excerpt":{"rendered":"<p>Bienvenido al restaurante Reverie Una experiencia gastron\u00f3mica excepcional, a solo unos pasos de tu caba\u00f1a. En Reverie, creemos que los grandes momentos se disfrutan mejor con grandes sabores. Nuestro men\u00fa ofrece una selecci\u00f3n de platos cuidadosamente elaborados, bebidas refrescantes y &hellip; <a href=\"https:\/\/reverie.com.co\/es\/menu-del-restaurante\/\">Read More<\/a><\/p>\n","protected":false},"author":2,"featured_media":0,"parent":0,"menu_order":0,"comment_status":"closed","ping_status":"closed","template":"","meta":{"_coblocks_attr":"","_coblocks_dimensions":"","_coblocks_responsive_height":"","_coblocks_accordion_ie_support":"","_joinchat":[],"footnotes":""},"class_list":["post-4193","page","type-page","status-publish","hentry"],"yoast_head":"<!-- This site is optimized with the Yoast SEO plugin v27.4 - https:\/\/yoast.com\/product\/yoast-seo-wordpress\/ -->\n<title>Men\u00fa del restaurante - Reverie<\/title>\n<meta name=\"robots\" content=\"index, follow, max-snippet:-1, max-image-preview:large, max-video-preview:-1\" \/>\n<link rel=\"canonical\" href=\"https:\/\/reverie.com.co\/es\/menu-del-restaurante\/\" \/>\n<meta property=\"og:locale\" content=\"es_ES\" \/>\n<meta property=\"og:type\" content=\"article\" \/>\n<meta property=\"og:title\" content=\"Men\u00fa del restaurante - Reverie\" \/>\n<meta property=\"og:description\" content=\"Bienvenido al restaurante Reverie Una experiencia gastron\u00f3mica excepcional, a solo unos pasos de tu caba\u00f1a. En Reverie, creemos que los grandes momentos se disfrutan mejor con grandes sabores. Nuestro men\u00fa ofrece una selecci\u00f3n de platos cuidadosamente elaborados, bebidas refrescantes y &hellip; Read More\" \/>\n<meta property=\"og:url\" content=\"https:\/\/reverie.com.co\/es\/menu-del-restaurante\/\" \/>\n<meta property=\"og:site_name\" content=\"Reverie\" \/>\n<meta property=\"article:modified_time\" content=\"2026-03-12T16:02:44+00:00\" \/>\n<meta property=\"og:image\" content=\"https:\/\/reverie.com.co\/wp-content\/uploads\/2025\/02\/WhatsApp-Image-2025-01-08-at-11.44.51-3-394x512.jpeg\" \/>\n<meta name=\"twitter:card\" content=\"summary_large_image\" \/>\n<meta name=\"twitter:label1\" content=\"Tiempo de lectura\" \/>\n\t<meta name=\"twitter:data1\" content=\"1 minuto\" \/>\n<script type=\"application\/ld+json\" class=\"yoast-schema-graph\">{\"@context\":\"https:\\\/\\\/schema.org\",\"@graph\":[{\"@type\":\"WebPage\",\"@id\":\"https:\\\/\\\/reverie.com.co\\\/es\\\/menu-del-restaurante\\\/\",\"url\":\"https:\\\/\\\/reverie.com.co\\\/es\\\/menu-del-restaurante\\\/\",\"name\":\"Men\u00fa del restaurante - Reverie\",\"isPartOf\":{\"@id\":\"https:\\\/\\\/reverie.com.co\\\/es\\\/#website\"},\"primaryImageOfPage\":{\"@id\":\"https:\\\/\\\/reverie.com.co\\\/es\\\/menu-del-restaurante\\\/#primaryimage\"},\"image\":{\"@id\":\"https:\\\/\\\/reverie.com.co\\\/es\\\/menu-del-restaurante\\\/#primaryimage\"},\"thumbnailUrl\":\"https:\\\/\\\/reverie.com.co\\\/wp-content\\\/uploads\\\/2025\\\/02\\\/WhatsApp-Image-2025-01-08-at-11.44.51-3-394x512.jpeg\",\"datePublished\":\"2025-05-15T20:14:23+00:00\",\"dateModified\":\"2026-03-12T16:02:44+00:00\",\"breadcrumb\":{\"@id\":\"https:\\\/\\\/reverie.com.co\\\/es\\\/menu-del-restaurante\\\/#breadcrumb\"},\"inLanguage\":\"es\",\"potentialAction\":[{\"@type\":\"ReadAction\",\"target\":[\"https:\\\/\\\/reverie.com.co\\\/es\\\/menu-del-restaurante\\\/\"]}]},{\"@type\":\"ImageObject\",\"inLanguage\":\"es\",\"@id\":\"https:\\\/\\\/reverie.com.co\\\/es\\\/menu-del-restaurante\\\/#primaryimage\",\"url\":\"https:\\\/\\\/reverie.com.co\\\/wp-content\\\/uploads\\\/2025\\\/02\\\/WhatsApp-Image-2025-01-08-at-11.44.51-3-394x512.jpeg\",\"contentUrl\":\"https:\\\/\\\/reverie.com.co\\\/wp-content\\\/uploads\\\/2025\\\/02\\\/WhatsApp-Image-2025-01-08-at-11.44.51-3-394x512.jpeg\"},{\"@type\":\"BreadcrumbList\",\"@id\":\"https:\\\/\\\/reverie.com.co\\\/es\\\/menu-del-restaurante\\\/#breadcrumb\",\"itemListElement\":[{\"@type\":\"ListItem\",\"position\":1,\"name\":\"Home\",\"item\":\"https:\\\/\\\/reverie.com.co\\\/es\\\/inicio\\\/\"},{\"@type\":\"ListItem\",\"position\":2,\"name\":\"Men\u00fa del restaurante\"}]},{\"@type\":\"WebSite\",\"@id\":\"https:\\\/\\\/reverie.com.co\\\/es\\\/#website\",\"url\":\"https:\\\/\\\/reverie.com.co\\\/es\\\/\",\"name\":\"Reverie\",\"description\":\"Official Website of Reverie in Colombia&#039;s Coffee Zone\",\"publisher\":{\"@id\":\"https:\\\/\\\/reverie.com.co\\\/es\\\/#organization\"},\"potentialAction\":[{\"@type\":\"SearchAction\",\"target\":{\"@type\":\"EntryPoint\",\"urlTemplate\":\"https:\\\/\\\/reverie.com.co\\\/es\\\/?s={search_term_string}\"},\"query-input\":{\"@type\":\"PropertyValueSpecification\",\"valueRequired\":true,\"valueName\":\"search_term_string\"}}],\"inLanguage\":\"es\"},{\"@type\":\"Organization\",\"@id\":\"https:\\\/\\\/reverie.com.co\\\/es\\\/#organization\",\"name\":\"Reverie Hotel\",\"url\":\"https:\\\/\\\/reverie.com.co\\\/es\\\/\",\"logo\":{\"@type\":\"ImageObject\",\"inLanguage\":\"es\",\"@id\":\"https:\\\/\\\/reverie.com.co\\\/es\\\/#\\\/schema\\\/logo\\\/image\\\/\",\"url\":\"https:\\\/\\\/secureservercdn.net\\\/45.40.150.54\\\/g1x.255.myftpupload.com\\\/wp-content\\\/uploads\\\/2022\\\/06\\\/Logo-Reverie-Hotel.png?time=1658136999\",\"contentUrl\":\"https:\\\/\\\/secureservercdn.net\\\/45.40.150.54\\\/g1x.255.myftpupload.com\\\/wp-content\\\/uploads\\\/2022\\\/06\\\/Logo-Reverie-Hotel.png?time=1658136999\",\"width\":2560,\"height\":2568,\"caption\":\"Reverie Hotel\"},\"image\":{\"@id\":\"https:\\\/\\\/reverie.com.co\\\/es\\\/#\\\/schema\\\/logo\\\/image\\\/\"}}]}<\/script>\n<!-- \/ Yoast SEO plugin. -->","yoast_head_json":{"title":"Men\u00fa del restaurante - Reverie","robots":{"index":"index","follow":"follow","max-snippet":"max-snippet:-1","max-image-preview":"max-image-preview:large","max-video-preview":"max-video-preview:-1"},"canonical":"https:\/\/reverie.com.co\/es\/menu-del-restaurante\/","og_locale":"es_ES","og_type":"article","og_title":"Men\u00fa del restaurante - Reverie","og_description":"Bienvenido al restaurante Reverie Una experiencia gastron\u00f3mica excepcional, a solo unos pasos de tu caba\u00f1a. En Reverie, creemos que los grandes momentos se disfrutan mejor con grandes sabores. Nuestro men\u00fa ofrece una selecci\u00f3n de platos cuidadosamente elaborados, bebidas refrescantes y &hellip; Read More","og_url":"https:\/\/reverie.com.co\/es\/menu-del-restaurante\/","og_site_name":"Reverie","article_modified_time":"2026-03-12T16:02:44+00:00","og_image":[{"url":"https:\/\/reverie.com.co\/wp-content\/uploads\/2025\/02\/WhatsApp-Image-2025-01-08-at-11.44.51-3-394x512.jpeg","type":"","width":"","height":""}],"twitter_card":"summary_large_image","twitter_misc":{"Tiempo de lectura":"1 minuto"},"schema":{"@context":"https:\/\/schema.org","@graph":[{"@type":"WebPage","@id":"https:\/\/reverie.com.co\/es\/menu-del-restaurante\/","url":"https:\/\/reverie.com.co\/es\/menu-del-restaurante\/","name":"Men\u00fa del restaurante - Reverie","isPartOf":{"@id":"https:\/\/reverie.com.co\/es\/#website"},"primaryImageOfPage":{"@id":"https:\/\/reverie.com.co\/es\/menu-del-restaurante\/#primaryimage"},"image":{"@id":"https:\/\/reverie.com.co\/es\/menu-del-restaurante\/#primaryimage"},"thumbnailUrl":"https:\/\/reverie.com.co\/wp-content\/uploads\/2025\/02\/WhatsApp-Image-2025-01-08-at-11.44.51-3-394x512.jpeg","datePublished":"2025-05-15T20:14:23+00:00","dateModified":"2026-03-12T16:02:44+00:00","breadcrumb":{"@id":"https:\/\/reverie.com.co\/es\/menu-del-restaurante\/#breadcrumb"},"inLanguage":"es","potentialAction":[{"@type":"ReadAction","target":["https:\/\/reverie.com.co\/es\/menu-del-restaurante\/"]}]},{"@type":"ImageObject","inLanguage":"es","@id":"https:\/\/reverie.com.co\/es\/menu-del-restaurante\/#primaryimage","url":"https:\/\/reverie.com.co\/wp-content\/uploads\/2025\/02\/WhatsApp-Image-2025-01-08-at-11.44.51-3-394x512.jpeg","contentUrl":"https:\/\/reverie.com.co\/wp-content\/uploads\/2025\/02\/WhatsApp-Image-2025-01-08-at-11.44.51-3-394x512.jpeg"},{"@type":"BreadcrumbList","@id":"https:\/\/reverie.com.co\/es\/menu-del-restaurante\/#breadcrumb","itemListElement":[{"@type":"ListItem","position":1,"name":"Home","item":"https:\/\/reverie.com.co\/es\/inicio\/"},{"@type":"ListItem","position":2,"name":"Men\u00fa del restaurante"}]},{"@type":"WebSite","@id":"https:\/\/reverie.com.co\/es\/#website","url":"https:\/\/reverie.com.co\/es\/","name":"Reverie","description":"Official Website of Reverie in Colombia&#039;s Coffee Zone","publisher":{"@id":"https:\/\/reverie.com.co\/es\/#organization"},"potentialAction":[{"@type":"SearchAction","target":{"@type":"EntryPoint","urlTemplate":"https:\/\/reverie.com.co\/es\/?s={search_term_string}"},"query-input":{"@type":"PropertyValueSpecification","valueRequired":true,"valueName":"search_term_string"}}],"inLanguage":"es"},{"@type":"Organization","@id":"https:\/\/reverie.com.co\/es\/#organization","name":"Reverie Hotel","url":"https:\/\/reverie.com.co\/es\/","logo":{"@type":"ImageObject","inLanguage":"es","@id":"https:\/\/reverie.com.co\/es\/#\/schema\/logo\/image\/","url":"https:\/\/secureservercdn.net\/45.40.150.54\/g1x.255.myftpupload.com\/wp-content\/uploads\/2022\/06\/Logo-Reverie-Hotel.png?time=1658136999","contentUrl":"https:\/\/secureservercdn.net\/45.40.150.54\/g1x.255.myftpupload.com\/wp-content\/uploads\/2022\/06\/Logo-Reverie-Hotel.png?time=1658136999","width":2560,"height":2568,"caption":"Reverie Hotel"},"image":{"@id":"https:\/\/reverie.com.co\/es\/#\/schema\/logo\/image\/"}}]}},"_links":{"self":[{"href":"https:\/\/reverie.com.co\/es\/wp-json\/wp\/v2\/pages\/4193","targetHints":{"allow":["GET"]}}],"collection":[{"href":"https:\/\/reverie.com.co\/es\/wp-json\/wp\/v2\/pages"}],"about":[{"href":"https:\/\/reverie.com.co\/es\/wp-json\/wp\/v2\/types\/page"}],"author":[{"embeddable":true,"href":"https:\/\/reverie.com.co\/es\/wp-json\/wp\/v2\/users\/2"}],"replies":[{"embeddable":true,"href":"https:\/\/reverie.com.co\/es\/wp-json\/wp\/v2\/comments?post=4193"}],"version-history":[{"count":3,"href":"https:\/\/reverie.com.co\/es\/wp-json\/wp\/v2\/pages\/4193\/revisions"}],"predecessor-version":[{"id":4197,"href":"https:\/\/reverie.com.co\/es\/wp-json\/wp\/v2\/pages\/4193\/revisions\/4197"}],"wp:attachment":[{"href":"https:\/\/reverie.com.co\/es\/wp-json\/wp\/v2\/media?parent=4193"}],"curies":[{"name":"wp","href":"https:\/\/api.w.org\/{rel}","templated":true}]}}